{"id":165,"date":"2022-04-26T10:41:24","date_gmt":"2022-04-26T13:41:24","guid":{"rendered":"https:\/\/demosites.royal-elementor-addons.com\/nft-portfolio-v1\/?page_id=165"},"modified":"2024-04-05T00:07:28","modified_gmt":"2024-04-05T03:07:28","slug":"roadmap","status":"publish","type":"page","link":"https:\/\/vartnfts.com\/index.php\/roadmap\/","title":{"rendered":"Roadmap"},"content":{"rendered":"\t\t<div data-elementor-type=\"wp-page\" data-elementor-id=\"165\" class=\"elementor elementor-165\" data-elementor-post-type=\"page\">\n\t\t\t\t\t\t<section class=\"elementor-section elementor-top-section elementor-element elementor-element-5d01ba1 elementor-section-full_width elementor-section-height-default elementor-section-height-default wpr-particle-no wpr-jarallax-no wpr-parallax-no wpr-sticky-section-no\" data-id=\"5d01ba1\" data-element_type=\"section\">\n\t\t\t\t\t\t<div class=\"elementor-container elementor-column-gap-default\">\n\t\t\t\t\t<div class=\"elementor-column elementor-col-100 elementor-top-column elementor-element elementor-element-c8268c3\" data-id=\"c8268c3\" data-element_type=\"column\">\n\t\t\t<div class=\"elementor-widget-wrap elementor-element-populated\">\n\t\t\t\t\t\t<section class=\"elementor-section elementor-inner-section elementor-element elementor-element-16be570 elementor-section-boxed elementor-section-height-default elementor-section-height-default wpr-particle-no wpr-jarallax-no wpr-parallax-no wpr-sticky-section-no\" data-id=\"16be570\" data-element_type=\"section\">\n\t\t\t\t\t\t<div class=\"elementor-container elementor-column-gap-default\">\n\t\t\t\t\t<div class=\"elementor-column elementor-col-100 elementor-inner-column elementor-element elementor-element-ba7e30c\" data-id=\"ba7e30c\" data-element_type=\"column\">\n\t\t\t<div class=\"elementor-widget-wrap elementor-element-populated\">\n\t\t\t\t\t\t<div class=\"elementor-element elementor-element-f15778b elementor-widget elementor-widget-heading\" data-id=\"f15778b\" data-element_type=\"widget\" data-widget_type=\"heading.default\">\n\t\t\t\t<div class=\"elementor-widget-container\">\n\t\t\t\t\t<h2 class=\"elementor-heading-title elementor-size-default\">PROPOSTA<\/h2>\t\t\t\t<\/div>\n\t\t\t\t<\/div>\n\t\t\t\t<div class=\"elementor-element elementor-element-a84079c elementor-widget elementor-widget-heading\" data-id=\"a84079c\" data-element_type=\"widget\" data-widget_type=\"heading.default\">\n\t\t\t\t<div class=\"elementor-widget-container\">\n\t\t\t\t\t<h2 class=\"elementor-heading-title elementor-size-default\">Roadmap VART<\/h2>\t\t\t\t<\/div>\n\t\t\t\t<\/div>\n\t\t\t\t<div class=\"elementor-element elementor-element-37cc48d elementor-widget elementor-widget-text-editor\" data-id=\"37cc48d\" data-element_type=\"widget\" data-widget_type=\"text-editor.default\">\n\t\t\t\t<div class=\"elementor-widget-container\">\n\t\t\t\t\t\t\t\t\t<p>O Roadmap VART \u00e9 um plano estrat\u00e9gico para o desenvolvimento cont\u00ednuo do token VART e seus NFTs, incluindo a implementa\u00e7\u00e3o de iniciativas como um sistema de stake e minera\u00e7\u00e3o. Ele \u00e9 essencial para orientar o progresso e garantir que os objetivos de longo prazo do projeto sejam alcan\u00e7ados.<\/p>\t\t\t\t\t\t\t\t<\/div>\n\t\t\t\t<\/div>\n\t\t\t\t\t<\/div>\n\t\t<\/div>\n\t\t\t\t\t<\/div>\n\t\t<\/section>\n\t\t\t\t<section data-wpr-particles=\"{&quot;particles&quot;:{&quot;number&quot;:{&quot;value&quot;:80,&quot;density&quot;:{&quot;enable&quot;:true,&quot;value_area&quot;:800}},&quot;color&quot;:{&quot;value&quot;:&quot;#000000&quot;},&quot;shape&quot;:{&quot;type&quot;:&quot;circle&quot;,&quot;stroke&quot;:{&quot;width&quot;:0,&quot;color&quot;:&quot;#000000&quot;},&quot;polygon&quot;:{&quot;nb_sides&quot;:5},&quot;image&quot;:{&quot;src&quot;:&quot;img\/github.svg&quot;,&quot;width&quot;:100,&quot;height&quot;:100}},&quot;opacity&quot;:{&quot;value&quot;:0.5,&quot;random&quot;:false,&quot;anim&quot;:{&quot;enable&quot;:false,&quot;speed&quot;:1,&quot;opacity_min&quot;:0.1,&quot;sync&quot;:false}},&quot;size&quot;:{&quot;value&quot;:3,&quot;random&quot;:true,&quot;anim&quot;:{&quot;enable&quot;:false,&quot;speed&quot;:40,&quot;size_min&quot;:0.1,&quot;sync&quot;:false}},&quot;line_linked&quot;:{&quot;enable&quot;:true,&quot;distance&quot;:150,&quot;color&quot;:&quot;#000000&quot;,&quot;opacity&quot;:0.4,&quot;width&quot;:1},&quot;move&quot;:{&quot;enable&quot;:true,&quot;speed&quot;:6,&quot;direction&quot;:&quot;none&quot;,&quot;random&quot;:false,&quot;straight&quot;:false,&quot;out_mode&quot;:&quot;out&quot;,&quot;bounce&quot;:false,&quot;attract&quot;:{&quot;enable&quot;:false,&quot;rotateX&quot;:600,&quot;rotateY&quot;:1200}}},&quot;interactivity&quot;:{&quot;detect_on&quot;:&quot;window&quot;,&quot;events&quot;:{&quot;onhover&quot;:{&quot;enable&quot;:true,&quot;mode&quot;:&quot;repulse&quot;},&quot;onclick&quot;:{&quot;enable&quot;:true,&quot;mode&quot;:&quot;push&quot;},&quot;resize&quot;:true},&quot;modes&quot;:{&quot;grab&quot;:{&quot;distance&quot;:400,&quot;line_linked&quot;:{&quot;opacity&quot;:1}},&quot;bubble&quot;:{&quot;distance&quot;:400,&quot;size&quot;:40,&quot;duration&quot;:2,&quot;opacity&quot;:8,&quot;speed&quot;:3},&quot;repulse&quot;:{&quot;distance&quot;:200,&quot;duration&quot;:0.4},&quot;push&quot;:{&quot;particles_nb&quot;:4},&quot;remove&quot;:{&quot;particles_nb&quot;:2}}},&quot;retina_detect&quot;:true}\" particle-source=\"wpr_particle_json\" wpr-quantity=\"10\" wpr-color=\"#C52626\" wpr-speed=\"3\" wpr-shape=\"circle\" wpr-size=\"12\" class=\"elementor-section elementor-inner-section elementor-element elementor-element-e19f72f wpr-particle-yes elementor-section-boxed elementor-section-height-default elementor-section-height-default wpr-jarallax-no wpr-parallax-no wpr-sticky-section-no\" data-id=\"e19f72f\" data-element_type=\"section\">\n\t\t\t\t\t\t<div class=\"elementor-container elementor-column-gap-default\">\n\t\t\t\t\t<div class=\"elementor-column elementor-col-33 elementor-inner-column elementor-element elementor-element-fced1a5\" data-id=\"fced1a5\" data-element_type=\"column\">\n\t\t\t<div class=\"elementor-widget-wrap elementor-element-populated\">\n\t\t\t\t\t\t<div class=\"elementor-element elementor-element-e101c9f wpr-list-style-none elementor-widget elementor-widget-wpr-posts-timeline\" data-id=\"e101c9f\" data-element_type=\"widget\" data-settings=\"{&quot;animation_offset&quot;:150,&quot;aos_animation_duration&quot;:600}\" data-widget_type=\"wpr-posts-timeline.default\">\n\t\t\t\t<div class=\"elementor-widget-container\">\n\t\t\t\t\t\n\t\t<div class=\"wpr-wrapper wpr-vertical wpr-one-sided-wrapper-left\">\n\t\t\t<div class=\"wpr-timeline-centered wpr-line wpr-one-sided-timeline-left\"><div class=\"wpr-middle-line\"><\/div><div class=\"wpr-timeline-fill\" data-layout=\"one-sided-left\"><\/div><span class=\"wpr-year-wrap\"><span class=\"wpr-year-label wpr-year\">2021<\/span><\/span><article class=\"wpr-timeline-entry wpr-left-aligned elementor-repeater-item-1ed708b\" data-item-id=\"elementor-repeater-item-1ed708b\"><time class=\"wpr-extra-label\" data-aos=\"fade\" data-aos-left=\"\" data-aos-right=\"\" data-animation-offset=\"150\" data-animation-duration=\"600\"><span class=\"wpr-label\">Maio<\/span><span class=\"wpr-sub-label\">Atomichub<\/span><\/time><div class=\"wpr-timeline-entry-inner\"><div class=\"wpr-main-line-icon wpr-icon\"><svg aria-hidden=\"true\" class=\"e-font-icon-svg e-fas-flag-checkered\" viewBox=\"0 0 512 512\" xmlns=\"http:\/\/www.w3.org\/2000\/svg\"><path d=\"M243.2 189.9V258c26.1 5.9 49.3 15.6 73.6 22.3v-68.2c-26-5.8-49.4-15.5-73.6-22.2zm223.3-123c-34.3 15.9-76.5 31.9-117 31.9C296 98.8 251.7 64 184.3 64c-25 0-47.3 4.4-68 12 2.8-7.3 4.1-15.2 3.6-23.6C118.1 24 94.8 1.2 66.3 0 34.3-1.3 8 24.3 8 56c0 19 9.5 35.8 24 45.9V488c0 13.3 10.7 24 24 24h16c13.3 0 24-10.7 24-24v-94.4c28.3-12.1 63.6-22.1 114.4-22.1 53.6 0 97.8 34.8 165.2 34.8 48.2 0 86.7-16.3 122.5-40.9 8.7-6 13.8-15.8 13.8-26.4V95.9c.1-23.3-24.2-38.8-45.4-29zM169.6 325.5c-25.8 2.7-50 8.2-73.6 16.6v-70.5c26.2-9.3 47.5-15 73.6-17.4zM464 191c-23.6 9.8-46.3 19.5-73.6 23.9V286c24.8-3.4 51.4-11.8 73.6-26v70.5c-25.1 16.1-48.5 24.7-73.6 27.1V286c-27 3.7-47.9 1.5-73.6-5.6v67.4c-23.9-7.4-47.3-16.7-73.6-21.3V258c-19.7-4.4-40.8-6.8-73.6-3.8v-70c-22.4 3.1-44.6 10.2-73.6 20.9v-70.5c33.2-12.2 50.1-19.8 73.6-22v71.6c27-3.7 48.4-1.3 73.6 5.7v-67.4c23.7 7.4 47.2 16.7 73.6 21.3v68.4c23.7 5.3 47.6 6.9 73.6 2.7V143c27-4.8 52.3-13.6 73.6-22.5z\"><\/path><\/svg><\/div><div class=\"wpr-story-info-vertical wpr-data-wrap \"  data-aos=\"fade\" data-aos-left=\"\" data-aos-right=\"\" data-animation-offset=\"150\" data-animation-duration=\"600\"><div class=\"wpr-timeline-content-wrapper\"><div class=\"wpr-content-wrapper\"><div class=\"wpr-title-wrap\"><a href=\"https:\/\/wax.atomichub.io\/explorer\/collection\/wax-mainnet\/cryptoartes1\" target=\"_blank\" rel=\"nofollow\"><span class=\"wpr-title\">Projeto - NFTS<\/span><\/a><\/div><div class=\"wpr-description\"><p>Inicio de Registro de NFTs AtomicHub, a plataforma Web3 l\u00edder para compra, venda, negocia\u00e7\u00e3o e cria\u00e7\u00e3o de NFTs<\/p><\/div><\/div><\/div><\/div>\n\t\t\t\t\t\t<\/div>\n\t\t\t\t<\/article><span class=\"wpr-year-wrap\"><span class=\"wpr-year-label wpr-year\">2022<\/span><\/span><article class=\"wpr-timeline-entry wpr-left-aligned elementor-repeater-item-1d87dc9\" data-item-id=\"elementor-repeater-item-1d87dc9\"><time class=\"wpr-extra-label\" data-aos=\"fade\" data-aos-left=\"\" data-aos-right=\"\" data-animation-offset=\"150\" data-animation-duration=\"600\"><span class=\"wpr-label\">Julho<\/span><span class=\"wpr-sub-label\">Oferta de NFTS <\/span><\/time><div class=\"wpr-timeline-entry-inner\"><div class=\"wpr-main-line-icon wpr-icon\"><svg aria-hidden=\"true\" class=\"e-font-icon-svg e-fas-check\" viewBox=\"0 0 512 512\" xmlns=\"http:\/\/www.w3.org\/2000\/svg\"><path d=\"M173.898 439.404l-166.4-166.4c-9.997-9.997-9.997-26.206 0-36.204l36.203-36.204c9.997-9.998 26.207-9.998 36.204 0L192 312.69 432.095 72.596c9.997-9.997 26.207-9.997 36.204 0l36.203 36.204c9.997 9.997 9.997 26.206 0 36.204l-294.4 294.401c-9.998 9.997-26.207 9.997-36.204-.001z\"><\/path><\/svg><\/div><div class=\"wpr-story-info-vertical wpr-data-wrap \"  data-aos=\"fade\" data-aos-left=\"\" data-aos-right=\"\" data-animation-offset=\"150\" data-animation-duration=\"600\"><div class=\"wpr-timeline-content-wrapper\"><div class=\"wpr-content-wrapper\"><div class=\"wpr-title-wrap\"><span class=\"wpr-title\">Mercado AtomicHUB<\/span><\/div><div class=\"wpr-description\"><p style=\"text-align: left\">Lan\u00e7amento da Primeira Cole\u00e7\u00e3o Cryptoartes no Mercado AtomicHUB<\/p><\/div><\/div><\/div><\/div>\n\t\t\t\t\t\t<\/div>\n\t\t\t\t<\/article><span class=\"wpr-year-wrap\"><span class=\"wpr-year-label wpr-year\">2023<\/span><\/span><article class=\"wpr-timeline-entry wpr-left-aligned elementor-repeater-item-c9027bc\" data-item-id=\"elementor-repeater-item-c9027bc\"><time class=\"wpr-extra-label\" data-aos=\"fade\" data-aos-left=\"\" data-aos-right=\"\" data-animation-offset=\"150\" data-animation-duration=\"600\"><span class=\"wpr-label\">Setembro<\/span><span class=\"wpr-sub-label\">Comunidade<\/span><\/time><div class=\"wpr-timeline-entry-inner\"><div class=\"wpr-main-line-icon wpr-icon\"><svg aria-hidden=\"true\" class=\"e-font-icon-svg e-fas-check\" viewBox=\"0 0 512 512\" xmlns=\"http:\/\/www.w3.org\/2000\/svg\"><path d=\"M173.898 439.404l-166.4-166.4c-9.997-9.997-9.997-26.206 0-36.204l36.203-36.204c9.997-9.998 26.207-9.998 36.204 0L192 312.69 432.095 72.596c9.997-9.997 26.207-9.997 36.204 0l36.203 36.204c9.997 9.997 9.997 26.206 0 36.204l-294.4 294.401c-9.998 9.997-26.207 9.997-36.204-.001z\"><\/path><\/svg><\/div><div class=\"wpr-story-info-vertical wpr-data-wrap \"  data-aos=\"fade\" data-aos-left=\"\" data-aos-right=\"\" data-animation-offset=\"150\" data-animation-duration=\"600\"><div class=\"wpr-timeline-content-wrapper\"><div class=\"wpr-content-wrapper\"><div class=\"wpr-title-wrap\"><span class=\"wpr-title\">Programa de Parcerias<\/span><\/div><div class=\"wpr-description\"><p>Lan\u00e7amento do Programa de Parcerias VART para fortalecer a comunidade e promover colabora\u00e7\u00f5es.<\/p><\/div><\/div><\/div><\/div>\n\t\t\t\t\t\t<\/div>\n\t\t\t\t<\/article><\/div>    \n\t\t\t<\/div>\t\t\t\t<\/div>\n\t\t\t\t<\/div>\n\t\t\t\t\t<\/div>\n\t\t<\/div>\n\t\t\t\t<div class=\"elementor-column elementor-col-33 elementor-inner-column elementor-element elementor-element-1c52180\" data-id=\"1c52180\" data-element_type=\"column\">\n\t\t\t<div class=\"elementor-widget-wrap elementor-element-populated\">\n\t\t\t\t\t\t<div class=\"elementor-element elementor-element-274913b elementor-invisible elementor-widget elementor-widget-image\" data-id=\"274913b\" data-element_type=\"widget\" data-settings=\"{&quot;motion_fx_motion_fx_mouse&quot;:&quot;yes&quot;,&quot;motion_fx_tilt_effect&quot;:&quot;yes&quot;,&quot;motion_fx_tilt_direction&quot;:&quot;negative&quot;,&quot;motion_fx_tilt_speed&quot;:{&quot;unit&quot;:&quot;px&quot;,&quot;size&quot;:10,&quot;sizes&quot;:[]},&quot;_animation&quot;:&quot;slideInDown&quot;}\" data-widget_type=\"image.default\">\n\t\t\t\t<div class=\"elementor-widget-container\">\n\t\t\t\t\t\t\t\t\t\t\t\t\t\t\t<img fetchpriority=\"high\" decoding=\"async\" width=\"503\" height=\"1024\" src=\"https:\/\/vartnfts.com\/wp-content\/uploads\/2024\/03\/img-logo-centro-1-503x1024.png\" class=\"elementor-animation-pulse-grow attachment-large size-large wp-image-3893\" alt=\"\" srcset=\"https:\/\/vartnfts.com\/wp-content\/uploads\/2024\/03\/img-logo-centro-1-503x1024.png 503w, https:\/\/vartnfts.com\/wp-content\/uploads\/2024\/03\/img-logo-centro-1-147x300.png 147w, https:\/\/vartnfts.com\/wp-content\/uploads\/2024\/03\/img-logo-centro-1-768x1562.png 768w, https:\/\/vartnfts.com\/wp-content\/uploads\/2024\/03\/img-logo-centro-1-755x1536.png 755w, https:\/\/vartnfts.com\/wp-content\/uploads\/2024\/03\/img-logo-centro-1.png 934w\" sizes=\"(max-width: 503px) 100vw, 503px\" \/>\t\t\t\t\t\t\t\t\t\t\t\t\t\t\t<\/div>\n\t\t\t\t<\/div>\n\t\t\t\t\t<\/div>\n\t\t<\/div>\n\t\t\t\t<div class=\"elementor-column elementor-col-33 elementor-inner-column elementor-element elementor-element-bb37410\" data-id=\"bb37410\" data-element_type=\"column\">\n\t\t\t<div class=\"elementor-widget-wrap elementor-element-populated\">\n\t\t\t\t\t\t<div class=\"elementor-element elementor-element-8274f63 wpr-list-style-none elementor-widget elementor-widget-wpr-posts-timeline\" data-id=\"8274f63\" data-element_type=\"widget\" data-settings=\"{&quot;animation_offset&quot;:150,&quot;aos_animation_duration&quot;:600}\" data-widget_type=\"wpr-posts-timeline.default\">\n\t\t\t\t<div class=\"elementor-widget-container\">\n\t\t\t\t\t\n\t\t<div class=\"wpr-wrapper wpr-vertical wpr-one-sided-wrapper\">\n\t\t\t<div class=\"wpr-timeline-centered wpr-line wpr-one-sided-timeline\"><div class=\"wpr-middle-line\"><\/div><div class=\"wpr-timeline-fill\" data-layout=\"one-sided\"><\/div><span class=\"wpr-year-wrap\"><span class=\"wpr-year-label wpr-year\">2024<\/span><\/span><article class=\"wpr-timeline-entry wpr-right-aligned elementor-repeater-item-1ed708b\" data-item-id=\"elementor-repeater-item-1ed708b\"><time class=\"wpr-extra-label\" data-aos=\"fade\" data-aos-left=\"\" data-aos-right=\"\" data-animation-offset=\"150\" data-animation-duration=\"600\"><span class=\"wpr-label\">Mar\u00e7o<\/span><span class=\"wpr-sub-label\">Expans\u00e3o da Plataforma<\/span><\/time><div class=\"wpr-timeline-entry-inner\"><div class=\"wpr-main-line-icon wpr-icon\"><svg aria-hidden=\"true\" class=\"e-font-icon-svg e-fas-house-damage\" viewBox=\"0 0 576 512\" xmlns=\"http:\/\/www.w3.org\/2000\/svg\"><path d=\"M288 114.96L69.47 307.71c-1.62 1.46-3.69 2.14-5.47 3.35V496c0 8.84 7.16 16 16 16h149.23L192 439.19l104.11-64-60.16-119.22L384 392.75l-104.11 64L319.81 512H496c8.84 0 16-7.16 16-16V311.1c-1.7-1.16-3.72-1.82-5.26-3.2L288 114.96zm282.69 121.32L512 184.45V48c0-8.84-7.16-16-16-16h-64c-8.84 0-16 7.16-16 16v51.69L314.75 10.31C307.12 3.45 297.56.01 288 0s-19.1 3.41-26.7 10.27L5.31 236.28c-6.57 5.91-7.12 16.02-1.21 22.6l21.4 23.82c5.9 6.57 16.02 7.12 22.6 1.21L277.42 81.63c6.05-5.33 15.12-5.33 21.17 0L527.91 283.9c6.57 5.9 16.69 5.36 22.6-1.21l21.4-23.82c5.9-6.57 5.36-16.69-1.22-22.59z\"><\/path><\/svg><\/div><div class=\"wpr-story-info-vertical wpr-data-wrap \"  data-aos=\"fade\" data-aos-left=\"\" data-aos-right=\"\" data-animation-offset=\"150\" data-animation-duration=\"600\"><div class=\"wpr-timeline-content-wrapper\"><div class=\"wpr-content-wrapper\"><div class=\"wpr-title-wrap\"><span class=\"wpr-title\">Apresentando Nosso Novo Site<\/span><\/div><div class=\"wpr-description\"><p style=\"text-align: left\">Introdu\u00e7\u00e3o de Recursos Avan\u00e7ados<\/p><\/div><\/div><\/div><\/div>\n\t\t\t\t\t\t<\/div>\n\t\t\t\t<\/article><span class=\"wpr-year-wrap\"><span class=\"wpr-year-label wpr-year\">2024<\/span><\/span><article class=\"wpr-timeline-entry wpr-right-aligned elementor-repeater-item-1d87dc9\" data-item-id=\"elementor-repeater-item-1d87dc9\"><time class=\"wpr-extra-label\" data-aos=\"fade\" data-aos-left=\"\" data-aos-right=\"\" data-animation-offset=\"150\" data-animation-duration=\"600\"><span class=\"wpr-label\">Abril<\/span><span class=\"wpr-sub-label\">Estrat\u00e9gias de Marketing<\/span><\/time><div class=\"wpr-timeline-entry-inner\"><div class=\"wpr-main-line-icon wpr-icon\"><svg aria-hidden=\"true\" class=\"e-font-icon-svg e-fab-telegram-plane\" viewBox=\"0 0 448 512\" xmlns=\"http:\/\/www.w3.org\/2000\/svg\"><path d=\"M446.7 98.6l-67.6 318.8c-5.1 22.5-18.4 28.1-37.3 17.5l-103-75.9-49.7 47.8c-5.5 5.5-10.1 10.1-20.7 10.1l7.4-104.9 190.9-172.5c8.3-7.4-1.8-11.5-12.9-4.1L117.8 284 16.2 252.2c-22.1-6.9-22.5-22.1 4.6-32.7L418.2 66.4c18.4-6.9 34.5 4.1 28.5 32.2z\"><\/path><\/svg><\/div><div class=\"wpr-story-info-vertical wpr-data-wrap \"  data-aos=\"fade\" data-aos-left=\"\" data-aos-right=\"\" data-animation-offset=\"150\" data-animation-duration=\"600\"><div class=\"wpr-timeline-content-wrapper\"><div class=\"wpr-content-wrapper\"><div class=\"wpr-title-wrap\"><span class=\"wpr-title\">Expandindo a Presen\u00e7a<\/span><\/div><div class=\"wpr-description\"><p>Implementa\u00e7\u00e3o de Novas Estrat\u00e9gias de Marketing para Alcan\u00e7ar Novos P\u00fablicos.<\/p><\/div><\/div><\/div><\/div>\n\t\t\t\t\t\t<\/div>\n\t\t\t\t<\/article><span class=\"wpr-year-wrap\"><span class=\"wpr-year-label wpr-year\">2024<\/span><\/span><article class=\"wpr-timeline-entry wpr-right-aligned elementor-repeater-item-c9027bc\" data-item-id=\"elementor-repeater-item-c9027bc\"><time class=\"wpr-extra-label\" data-aos=\"fade\" data-aos-left=\"\" data-aos-right=\"\" data-animation-offset=\"150\" data-animation-duration=\"600\"><span class=\"wpr-label\">Julho<\/span><span class=\"wpr-sub-label\">Maximizando a Usabilidade<\/span><\/time><div class=\"wpr-timeline-entry-inner\"><div class=\"wpr-main-line-icon wpr-icon\"><svg aria-hidden=\"true\" class=\"e-font-icon-svg e-fas-hands-helping\" viewBox=\"0 0 640 512\" xmlns=\"http:\/\/www.w3.org\/2000\/svg\"><path d=\"M488 192H336v56c0 39.7-32.3 72-72 72s-72-32.3-72-72V126.4l-64.9 39C107.8 176.9 96 197.8 96 220.2v47.3l-80 46.2C.7 322.5-4.6 342.1 4.3 357.4l80 138.6c8.8 15.3 28.4 20.5 43.7 11.7L231.4 448H368c35.3 0 64-28.7 64-64h16c17.7 0 32-14.3 32-32v-64h8c13.3 0 24-10.7 24-24v-48c0-13.3-10.7-24-24-24zm147.7-37.4L555.7 16C546.9.7 527.3-4.5 512 4.3L408.6 64H306.4c-12 0-23.7 3.4-33.9 9.7L239 94.6c-9.4 5.8-15 16.1-15 27.1V248c0 22.1 17.9 40 40 40s40-17.9 40-40v-88h184c30.9 0 56 25.1 56 56v28.5l80-46.2c15.3-8.9 20.5-28.4 11.7-43.7z\"><\/path><\/svg><\/div><div class=\"wpr-story-info-vertical wpr-data-wrap \"  data-aos=\"fade\" data-aos-left=\"\" data-aos-right=\"\" data-animation-offset=\"150\" data-animation-duration=\"600\"><div class=\"wpr-timeline-content-wrapper\"><div class=\"wpr-content-wrapper\"><div class=\"wpr-title-wrap\"><span class=\"wpr-title\">Introdu\u00e7\u00e3o do Token VART<\/span><\/div><div class=\"wpr-description\"><p>Lan\u00e7amento <strong>oficial<\/strong> do Token <strong>VART<\/strong> para Aumentar a Usabilidade Dentro do Ecossistema VART.<br \/>Explora\u00e7\u00e3o de Novas Possibilidades e Aplica\u00e7\u00f5es para o Token VART, Promovendo uma Experi\u00eancia Mais Rica para os Usu\u00e1rios.<\/p><\/div><\/div><\/div><\/div>\n\t\t\t\t\t\t<\/div>\n\t\t\t\t<\/article><\/div>    \n\t\t\t<\/div>\t\t\t\t<\/div>\n\t\t\t\t<\/div>\n\t\t\t\t\t<\/div>\n\t\t<\/div>\n\t\t\t\t\t<\/div>\n\t\t<\/section>\n\t\t\t\t\t<\/div>\n\t\t<\/div>\n\t\t\t\t\t<\/div>\n\t\t<\/section>\n\t\t\t\t<\/div>\n\t\t","protected":false},"excerpt":{"rendered":"<p>PROPOSTA Roadmap VART O Roadmap VART \u00e9 um plano estrat\u00e9gico para o desenvolvimento cont\u00ednuo do token VART e seus NFTs, incluindo a implementa\u00e7\u00e3o de iniciativas como um sistema de stake e minera\u00e7\u00e3o. Ele \u00e9 essencial para orientar o progresso e garantir que os objetivos de longo prazo do projeto sejam alcan\u00e7ados. 2021 MaioAtomichub Projeto &#8211; NFTS Inicio de Registro de NFTs AtomicHub, a plataforma Web3 l\u00edder para compra, venda, negocia\u00e7\u00e3o e cria\u00e7\u00e3o de NFTs 2022 JulhoOferta de NFTS Mercado AtomicHUB Lan\u00e7amento da Primeira Cole\u00e7\u00e3o Cryptoartes no Mercado AtomicHUB 2023 SetembroComunidade Programa de Parcerias Lan\u00e7amento do Programa de Parcerias VART para fortalecer a comunidade e promover colabora\u00e7\u00f5es. 2024 Mar\u00e7oExpans\u00e3o da Plataforma Apresentando Nosso Novo Site Introdu\u00e7\u00e3o de Recursos Avan\u00e7ados 2024 AbrilEstrat\u00e9gias de Marketing Expandindo a Presen\u00e7a Implementa\u00e7\u00e3o de Novas Estrat\u00e9gias de Marketing para Alcan\u00e7ar Novos P\u00fablicos. 2024 JulhoMaximizando a Usabilidade Introdu\u00e7\u00e3o do Token VART Lan\u00e7amento oficial do Token VART para Aumentar a Usabilidade Dentro do Ecossistema VART.Explora\u00e7\u00e3o de Novas Possibilidades e Aplica\u00e7\u00f5es para o Token VART, Promovendo uma Experi\u00eancia Mais Rica para os Usu\u00e1rios.<\/p>\n","protected":false},"author":1,"featured_media":0,"parent":0,"menu_order":0,"comment_status":"closed","ping_status":"closed","template":"elementor_canvas","meta":{"om_disable_all_campaigns":false,"_monsterinsights_skip_tracking":false,"_monsterinsights_sitenote_active":false,"_monsterinsights_sitenote_note":"","_monsterinsights_sitenote_category":0,"footnotes":""},"aioseo_notices":[],"_links":{"self":[{"href":"https:\/\/vartnfts.com\/index.php\/wp-json\/wp\/v2\/pages\/165"}],"collection":[{"href":"https:\/\/vartnfts.com\/index.php\/wp-json\/wp\/v2\/pages"}],"about":[{"href":"https:\/\/vartnfts.com\/index.php\/wp-json\/wp\/v2\/types\/page"}],"author":[{"embeddable":true,"href":"https:\/\/vartnfts.com\/index.php\/wp-json\/wp\/v2\/users\/1"}],"replies":[{"embeddable":true,"href":"https:\/\/vartnfts.com\/index.php\/wp-json\/wp\/v2\/comments?post=165"}],"version-history":[{"count":9,"href":"https:\/\/vartnfts.com\/index.php\/wp-json\/wp\/v2\/pages\/165\/revisions"}],"predecessor-version":[{"id":4274,"href":"https:\/\/vartnfts.com\/index.php\/wp-json\/wp\/v2\/pages\/165\/revisions\/4274"}],"wp:attachment":[{"href":"https:\/\/vartnfts.com\/index.php\/wp-json\/wp\/v2\/media?parent=165"}],"curies":[{"name":"wp","href":"https:\/\/api.w.org\/{rel}","templated":true}]}}